{"id":967,"date":"2023-10-31T15:13:59","date_gmt":"2023-10-31T15:13:59","guid":{"rendered":"https:\/\/mousse-x.com\/?page_id=967"},"modified":"2023-10-31T16:27:36","modified_gmt":"2023-10-31T16:27:36","slug":"bibliografia","status":"publish","type":"page","link":"https:\/\/mousse-x.com\/index.php\/bibliografia\/","title":{"rendered":"Bibliografia"},"content":{"rendered":"<div class=\"fusion-fullwidth fullwidth-box fusion-builder-row-1 fusion-flex-container has-pattern-background has-mask-background nonhundred-percent-fullwidth non-hundred-percent-height-scrolling\" style=\"--awb-border-radius-top-left:0px;--awb-border-radius-top-right:0px;--awb-border-radius-bottom-right:0px;--awb-border-radius-bottom-left:0px;--awb-margin-top:60px;--awb-flex-wrap:wrap;\" ><div class=\"fusion-builder-row fusion-row fusion-flex-align-items-flex-start fusion-flex-justify-content-center fusion-flex-content-wrap\" style=\"max-width:1248px;margin-left: calc(-4% \/ 2 );margin-right: calc(-4% \/ 2 );\"><div class=\"fusion-layout-column fusion_builder_column fusion-builder-column-0 fusion_builder_column_1_2 1_2 fusion-flex-column\" style=\"--awb-bg-size:cover;--awb-width-large:50%;--awb-margin-top-large:0px;--awb-spacing-right-large:3.84%;--awb-margin-bottom-large:20px;--awb-spacing-left-large:3.84%;--awb-width-medium:50%;--awb-order-medium:0;--awb-spacing-right-medium:3.84%;--awb-spacing-left-medium:3.84%;--awb-width-small:100%;--awb-order-small:0;--awb-spacing-right-small:1.92%;--awb-spacing-left-small:1.92%;\"><div class=\"fusion-column-wrapper fusion-column-has-shadow fusion-flex-justify-content-flex-start fusion-content-layout-column\"><div class=\"fusion-text fusion-text-1\"><ul>\n<li><b>Deirdre E. O\u2019Hanlon, Thomas R. Moench, Richard A. Cone,Thomas C. Jenkins<\/b><br \/>\nVaginal pH and Microbicidal Lactic Acid When Lactobacilli Dominate the Microbiota.<br \/>\n<em>Department of Biophysics, Johns Hopkins University, Baltimore, Maryland, United States of America, ReProtect Inc., Baltimore, Maryland, United States of America. Nov. 2013.<\/em><\/li>\n<li><strong>Chen J, Geng L, Song X, Li H, Giordan N, Liao Q.<\/strong><br \/>\nEvaluation of the efficacy and safety of hyaluronic acid vaginal gel to ease vaginal dryness: a multicenter, randomized, controlled, open-label, parallel-group, clinical trial.<br \/>\n<em>Sex Med. 2013 Jun;10(6):1575-84. doi: 10.1111\/jsm.12125. 9 Apr. 2013 United States of America, ReProtect Inc., Baltimore, Maryland, United States of America.<\/em><\/li>\n<li><strong>Mariya I. Petrova, Marianne van den Broek, Jan Balzarini, Jos Vanderleyden &amp; Sarah Lebee<\/strong>r<br \/>\nVaginal microbiota and its role in HIV transmission and infection.<br \/>\n<em>KU Leuven Centre of Microbial and Plant Genetics, Leuven, Belgium; University of Antwerp, Department of Bioscience Engineering, Antwerp, Belgium; and KU Leuven, Rega Institute for Medical Research, Leuven, Belgium. Sept. 2013<\/em><\/li>\n<li><strong>Cook R L, Tannock G W, Meech R J.<\/strong><br \/>\nThe normal microflora of the vagina.<br \/>\n<em>Proc Univ Otago Med Sch. 1984;62:72\u201374.<\/em><\/li>\n<li><strong>Verstraelen H.<\/strong><br \/>\nCutting edge: the vaginal microflora and bacterial vaginosis.<br \/>\n<em>Verh K Acad Geneeskd Belg. 2008;70(3):147-74<\/em><\/li>\n<li><strong>Strus M, Brzychczy-W\u0142och M, Gosiewski T, Kochan P, Heczko PB<\/strong><br \/>\nThe in vitro effect of hydrogen peroxide on vaginal microbial communities.<br \/>\n<em>FEMS Immunol Med Microbiol. 2006 Oct;48(1):56-63<\/em><\/li>\n<li><strong>Mijac VD, Duki\u0142 SV, Opavski NZ, Duki\u0142 MK<\/strong><br \/>\nRanin LT Hydrogen peroxide producing lactobacilli in women with vaginal infections.<br \/>\n<em>Eur J Obstet Gynecol Reprod Biol. 2006 Nov;129(1):69-76. Epub 2006 Jul 11<\/em><\/li>\n<li><strong>Strus M, Brzychczy-W\u0142och M, Kochan P, Heczko P.<\/strong><br \/>\nHydrogen peroxide produced by Lactobacillus species as a regulatory molecule for vaginal micro-flora.<br \/>\n<em>Med Dosw Mikrobiol. 2004;56(1):67-77<\/em><\/li>\n<li><strong>Hanna N F, Taylor-Robinson D, Kalodiki-Karamanoli M, Harris J R, McFadyen I R.<\/strong><br \/>\nThe relation between vaginal pH and the microbiological status in vaginitis.<br \/>\n<em>Br J Obstet Gynaecol. 1985;92:1267\u20131271.<\/em><\/li>\n<li><strong>Valenta C.<\/strong><br \/>\nThe use of mucoadhesive polymers in vaginal delivery.<br \/>\n<em>Adv Drug Deliv Rev. 2005 Nov 3;57(11):1692-712. Epub 2005 Sep 22<\/em><\/li>\n<li><strong>Delucchi L, Fraga M, Perelmuter K, Cidade E, Zunino P<\/strong><br \/>\nVaginal lactic acid bacteria in healthy and ill bitches and evaluation of in vitro probiotic activity of selected isolates.<br \/>\n<em>Can Vet J. 2008 Oct;49(10):991-4<br \/>\n<\/em><\/li>\n<li><strong>Boskey, E. R., Cone, R. A., Whaley, K. J. &amp; Moench, T. R.<\/strong><br \/>\nOrigins of vaginal acidity: high D\/L lactate ratio is consistent with bacteria being the primary source.<br \/>\n<em><em>Hum Reprod 16, 1809\u20131813<\/em><\/em><\/li>\n<li><strong>Melis, G. B., Ibba, M. T., Steri, B., Kotsonis, P., Matta, V. &amp; Paoletti<\/strong><br \/>\nRole of pH as a regulator of vaginal physiological environment.<br \/>\n<em>Minerva Ginecol 52, 111\u2013121 (in Italian).<\/em><\/li>\n<li><strong>Redondo-L\u00f3pez, V., Cook, R. L. &amp; Sobel, J. D.<\/strong><br \/>\nEmerging role of lactobacilli in the control and maintenance of the vaginal bacterial microflora.<br \/>\n<em>Rev Infect Dis 12, 856\u2013872<\/em><em><br \/>\n<\/em><\/li>\n<li><strong>Strus M, Brzychczy-W\u0142och M, Kucharska A, Gosiewski T, Heczko PB<\/strong><br \/>\nInhibitory activity of vaginal Lactobacillus bacteria on yeasts causing vulvovaginal candidiasis.<br \/>\n<em>Med Dosw Mikrobiol. 2005;57(1):7-17<br \/>\n<\/em><\/li>\n<li><strong>Tom\u00e1s MS, Claudia Otero M, Oca\u00f1a V, Elena Nader-Mac\u00edas M<\/strong><br \/>\nProduction of antimicrobial substances by lactic acid bacteria I: determination of hydrogen peroxide.<br \/>\n<em>Methods Mol Biol. 2004;268:337-46<br \/>\n<\/em><\/li>\n<li><strong>Kale VV, Trivedi RV, Wate SP, Bhusari KP<\/strong><br \/>\nDevelopment and evaluation of a suppository formulation containing Lactobacillus and its application in vaginal diseases.<br \/>\n<em>Ann N Y Acad Sci. 2005 Nov;1056:359-65.<br \/>\n<\/em><\/li>\n<li><strong>V\u00e0squez, A. T.Jakobsson, S.Ahrn\u00e8, U. Forsum, G.Molin<\/strong><br \/>\nVaginal Lactobacillus flora of healthy Swedish women.<br \/>\n<em>J. Clin. Microbiol. 40: 2746-2749, 2002<br \/>\n<\/em><\/li>\n<li>Is vaginal hyaluronic acid as effective as vaginal estriol for vaginal dryness relief?<br \/>\n<em>Stute PI. Arch Gynecol Obstet.\u20282013 Dec; 288(6):1199-201. doi: 10.1007\/s00404-013-3068-5.<\/em><\/li>\n<li><strong>Lee, Yoo-Kyung; Chung, Hyun Hoon; Kim, Jae Weon; Park, Noh-Hyun; Song,Yong-Sang; Kang, Soon-Beom<\/strong><br \/>\nVaginal pH-Balanced Gel for the Control of Atrophic Vaginitis Among Breast Cancer Survivors: A Randomized Controlled Trial.<br \/>\n<em>Obstetrics &amp; Gynecology: April 2011 \u2013 Volume 117 \u2013 Issue 4 \u2013 pp 922-927<br \/>\n<\/em><\/li>\n<li><strong>Hillier SL, Lau RJ<\/strong><br \/>\nVaginal microbiota in women with bacterial vaginosis.<br \/>\n<em>Best Pract Res Clin Obstet Gynaecol. 2007;21(3):375-386. doi:10.1016\/j.bpobgyn.2006.12.<wbr \/>005<br \/>\n<\/em><\/li>\n<li><strong>Mastromarino P, Brigidi P, Macchia S, et al.<\/strong><br \/>\nCharacterization and selection of vaginal Lactobacillus strains for the preparation of vaginal tablets.<br \/>\n<em>J Appl Microbiol. 2002;93(5):884-893. doi:10.1046\/j.1365-2672.2002.<wbr \/>01777.x<\/em><\/li>\n<li><strong>Martinez RC, Franceschini SA, Patta MC, et al.<\/strong><br \/>\nImproved cure of bacterial vaginosis with single dose of tinidazole (2 g), Lactobacillus rhamnosus GR-1, and Lactobacillus reuteri RC-14: a randomized, double-blind, placebo-controlled trial.<br \/>\n<em>Can J Microbiol. 2009;55(2):133-138. doi:10.1139\/w08-111<\/em><\/li>\n<li><strong>Dallaku K, Lopes Dos Santos Santiago G, Bodean OM, et al.<\/strong><br \/>\nThe role of prebiotics in the prevention and treatment of vulvovaginal infections.<br \/>\n<em>Nutrients. 2020;12(7):2155. doi:10.3390\/nu12072155<\/em><\/li>\n<li><strong>Farhan MA, Mohd Mokhtar NM, Ab Rahman N, et al.<\/strong><br \/>\nThe role of prebiotics in managing vaginal dysbiosis: an evidence-based review.<br \/>\n<em>Frontiers in Microbiology. 2020;11:1304. doi:10.3389\/fmicb.2020.01304<\/em><\/li>\n<li><strong>Castro-Silva II, Silva de Ara\u00fajo G, Ferreira-Pereira A, et al.<\/strong><br \/>\nA randomized controlled trial evaluating the effects of synbiotic administration on BV treatment success, vaginal microbiota and immune activation.<br \/>\n<em>Nutrients. 2021<\/em><\/li>\n<\/ul>\n<\/div><\/div><\/div><\/div><\/div>\n","protected":false},"excerpt":{"rendered":"","protected":false},"author":2,"featured_media":0,"parent":0,"menu_order":0,"comment_status":"closed","ping_status":"closed","template":"100-width.php","meta":{"footnotes":""},"class_list":["post-967","page","type-page","status-publish","hentry"],"yoast_head":"<!-- This site is optimized with the Yoast SEO plugin v25.7 - https:\/\/yoast.com\/wordpress\/plugins\/seo\/ -->\n<title>Bibliografia - Mousse X<\/title>\n<meta name=\"robots\" content=\"index, follow, max-snippet:-1, max-image-preview:large, max-video-preview:-1\" \/>\n<link rel=\"canonical\" href=\"https:\/\/mousse-x.com\/index.php\/bibliografia\/\" \/>\n<meta property=\"og:locale\" content=\"en_US\" \/>\n<meta property=\"og:type\" content=\"article\" \/>\n<meta property=\"og:title\" content=\"Bibliografia - Mousse X\" \/>\n<meta property=\"og:url\" content=\"https:\/\/mousse-x.com\/index.php\/bibliografia\/\" \/>\n<meta property=\"og:site_name\" content=\"Mousse X\" \/>\n<meta property=\"article:modified_time\" content=\"2023-10-31T16:27:36+00:00\" \/>\n<meta name=\"twitter:card\" content=\"summary_large_image\" \/>\n<meta name=\"twitter:label1\" content=\"Est. reading time\" \/>\n\t<meta name=\"twitter:data1\" content=\"5 minutes\" \/>\n<script type=\"application\/ld+json\" class=\"yoast-schema-graph\">{\"@context\":\"https:\/\/schema.org\",\"@graph\":[{\"@type\":\"WebPage\",\"@id\":\"https:\/\/mousse-x.com\/index.php\/bibliografia\/\",\"url\":\"https:\/\/mousse-x.com\/index.php\/bibliografia\/\",\"name\":\"Bibliografia - Mousse X\",\"isPartOf\":{\"@id\":\"https:\/\/mousse-x.com\/#website\"},\"datePublished\":\"2023-10-31T15:13:59+00:00\",\"dateModified\":\"2023-10-31T16:27:36+00:00\",\"breadcrumb\":{\"@id\":\"https:\/\/mousse-x.com\/index.php\/bibliografia\/#breadcrumb\"},\"inLanguage\":\"en-US\",\"potentialAction\":[{\"@type\":\"ReadAction\",\"target\":[\"https:\/\/mousse-x.com\/index.php\/bibliografia\/\"]}]},{\"@type\":\"BreadcrumbList\",\"@id\":\"https:\/\/mousse-x.com\/index.php\/bibliografia\/#breadcrumb\",\"itemListElement\":[{\"@type\":\"ListItem\",\"position\":1,\"name\":\"Home\",\"item\":\"https:\/\/mousse-x.com\/\"},{\"@type\":\"ListItem\",\"position\":2,\"name\":\"Bibliografia\"}]},{\"@type\":\"WebSite\",\"@id\":\"https:\/\/mousse-x.com\/#website\",\"url\":\"https:\/\/mousse-x.com\/\",\"name\":\"Mousse X\",\"description\":\"\",\"publisher\":{\"@id\":\"https:\/\/mousse-x.com\/#organization\"},\"potentialAction\":[{\"@type\":\"SearchAction\",\"target\":{\"@type\":\"EntryPoint\",\"urlTemplate\":\"https:\/\/mousse-x.com\/?s={search_term_string}\"},\"query-input\":{\"@type\":\"PropertyValueSpecification\",\"valueRequired\":true,\"valueName\":\"search_term_string\"}}],\"inLanguage\":\"en-US\"},{\"@type\":\"Organization\",\"@id\":\"https:\/\/mousse-x.com\/#organization\",\"name\":\"Mousse X\",\"url\":\"https:\/\/mousse-x.com\/\",\"logo\":{\"@type\":\"ImageObject\",\"inLanguage\":\"en-US\",\"@id\":\"https:\/\/mousse-x.com\/#\/schema\/logo\/image\/\",\"url\":\"https:\/\/mousse-x.com\/wp-content\/uploads\/2023\/10\/MousseX_logo_interno.png\",\"contentUrl\":\"https:\/\/mousse-x.com\/wp-content\/uploads\/2023\/10\/MousseX_logo_interno.png\",\"width\":1200,\"height\":200,\"caption\":\"Mousse X\"},\"image\":{\"@id\":\"https:\/\/mousse-x.com\/#\/schema\/logo\/image\/\"}}]}<\/script>\n<!-- \/ Yoast SEO plugin. -->","yoast_head_json":{"title":"Bibliografia - Mousse X","robots":{"index":"index","follow":"follow","max-snippet":"max-snippet:-1","max-image-preview":"max-image-preview:large","max-video-preview":"max-video-preview:-1"},"canonical":"https:\/\/mousse-x.com\/index.php\/bibliografia\/","og_locale":"en_US","og_type":"article","og_title":"Bibliografia - Mousse X","og_url":"https:\/\/mousse-x.com\/index.php\/bibliografia\/","og_site_name":"Mousse X","article_modified_time":"2023-10-31T16:27:36+00:00","twitter_card":"summary_large_image","twitter_misc":{"Est. reading time":"5 minutes"},"schema":{"@context":"https:\/\/schema.org","@graph":[{"@type":"WebPage","@id":"https:\/\/mousse-x.com\/index.php\/bibliografia\/","url":"https:\/\/mousse-x.com\/index.php\/bibliografia\/","name":"Bibliografia - Mousse X","isPartOf":{"@id":"https:\/\/mousse-x.com\/#website"},"datePublished":"2023-10-31T15:13:59+00:00","dateModified":"2023-10-31T16:27:36+00:00","breadcrumb":{"@id":"https:\/\/mousse-x.com\/index.php\/bibliografia\/#breadcrumb"},"inLanguage":"en-US","potentialAction":[{"@type":"ReadAction","target":["https:\/\/mousse-x.com\/index.php\/bibliografia\/"]}]},{"@type":"BreadcrumbList","@id":"https:\/\/mousse-x.com\/index.php\/bibliografia\/#breadcrumb","itemListElement":[{"@type":"ListItem","position":1,"name":"Home","item":"https:\/\/mousse-x.com\/"},{"@type":"ListItem","position":2,"name":"Bibliografia"}]},{"@type":"WebSite","@id":"https:\/\/mousse-x.com\/#website","url":"https:\/\/mousse-x.com\/","name":"Mousse X","description":"","publisher":{"@id":"https:\/\/mousse-x.com\/#organization"},"potentialAction":[{"@type":"SearchAction","target":{"@type":"EntryPoint","urlTemplate":"https:\/\/mousse-x.com\/?s={search_term_string}"},"query-input":{"@type":"PropertyValueSpecification","valueRequired":true,"valueName":"search_term_string"}}],"inLanguage":"en-US"},{"@type":"Organization","@id":"https:\/\/mousse-x.com\/#organization","name":"Mousse X","url":"https:\/\/mousse-x.com\/","logo":{"@type":"ImageObject","inLanguage":"en-US","@id":"https:\/\/mousse-x.com\/#\/schema\/logo\/image\/","url":"https:\/\/mousse-x.com\/wp-content\/uploads\/2023\/10\/MousseX_logo_interno.png","contentUrl":"https:\/\/mousse-x.com\/wp-content\/uploads\/2023\/10\/MousseX_logo_interno.png","width":1200,"height":200,"caption":"Mousse X"},"image":{"@id":"https:\/\/mousse-x.com\/#\/schema\/logo\/image\/"}}]}},"_links":{"self":[{"href":"https:\/\/mousse-x.com\/index.php\/wp-json\/wp\/v2\/pages\/967","targetHints":{"allow":["GET"]}}],"collection":[{"href":"https:\/\/mousse-x.com\/index.php\/wp-json\/wp\/v2\/pages"}],"about":[{"href":"https:\/\/mousse-x.com\/index.php\/wp-json\/wp\/v2\/types\/page"}],"author":[{"embeddable":true,"href":"https:\/\/mousse-x.com\/index.php\/wp-json\/wp\/v2\/users\/2"}],"replies":[{"embeddable":true,"href":"https:\/\/mousse-x.com\/index.php\/wp-json\/wp\/v2\/comments?post=967"}],"version-history":[{"count":6,"href":"https:\/\/mousse-x.com\/index.php\/wp-json\/wp\/v2\/pages\/967\/revisions"}],"predecessor-version":[{"id":969,"href":"https:\/\/mousse-x.com\/index.php\/wp-json\/wp\/v2\/pages\/967\/revisions\/969"}],"wp:attachment":[{"href":"https:\/\/mousse-x.com\/index.php\/wp-json\/wp\/v2\/media?parent=967"}],"curies":[{"name":"wp","href":"https:\/\/api.w.org\/{rel}","templated":true}]}}